{"id":7669,"date":"2023-06-27T11:49:47","date_gmt":"2023-06-27T09:49:47","guid":{"rendered":"https:\/\/kempke.eu\/startseite\/"},"modified":"2023-10-24T08:25:03","modified_gmt":"2023-10-24T08:25:03","slug":"startseite","status":"publish","type":"page","link":"https:\/\/kempke.eu\/de\/","title":{"rendered":"Startseite"},"content":{"rendered":"            <div class=\"__j345se2\">\n                <div class=\"container\">\n                    <div class=\"d-f fw-w flex-col-2 gap-3\">\n                        <div class=\"d-f fd-c gap-3\">\n                            <div class=\"block__title d-f\"><h2 class=\"w-6 sm-10\">Der einzige Gro\u00dfh\u00e4ndler, der seit 1980 etwas f\u00fcr <span class=\"green__underline\">Sie bewegt<\/span> <\/h2>\n<\/div>\n                            <div class=\"block__button\">\n                                                                    <a href=\"\/\u00fcber-uns\" class=\"bm-btn\">Mehr lesen<\/a>\n                                                            <\/div>\n                        <\/div>\n                        <div class=\"block__desc\">\n                            <p>&#8218;t Kempke ist mehr als nur ein Gro\u00dfh\u00e4ndler. Wir sind eine Familie. F\u00fcr unsere Mitarbeiter, unsere Lieferanten und f\u00fcr unsere Kunden. Als Familienunternehmen tun wir das, was uns Freude macht und was wir gut k\u00f6nnen. Und das hilft unseren Kunden wirklich. Wir tun dies, indem wir mit ihnen mitdenken, sie \u00fcber die neuesten Produktinnovationen, die neuesten Techniken und Ver\u00e4nderungen auf dem Markt auf dem Laufenden halten, aber wir denken auch mit ihnen \u00fcber Wirtschaft und Unternehmertum nach. Ganz einfach, weil wir uns f\u00fcr unsere Mitarbeiter engagieren und mit Leidenschaft bei der Sache sind. Verhalte dich einfach normal und du wirst automatisch zu etwas Besonderem: und so ist es doch, oder?<\/p>\n                        <\/div>\n                    <\/div>\n                <\/div>\n            <\/div>\n                    <div class=\"__hrwe893\">\n                <div class=\"container\">\n                    <div class=\"d-f fd-c gap-3\">\n                        <div class=\"block__title\"><h2>Nur das <span class=\"grey__underline\">Beste f\u00fcr Sie<\/span><\/h2>\n<\/div>\n                        <div class=\"d-f\">\n                            <div class=\"block__colored d-f fw-w flex-col-3 gap-3\">\n                                                                        <div class=\"block__colored__item d-f fd-c pad-3 gap-1 br-20\">\n                                            <div class=\"block__colored__title\">\n                                                <h4>Gesch\u00e4fte machen ohne Sorgen<\/h4>\n                                            <\/div>\n                                            <div class=\"block__colored__text\">Sie bestellen und wir machen den Rest. Unser Engagement geht \u00fcber das Sammeln und Z\u00fcchten von B\u00e4umen und Pflanzen hinaus. Wir wissen, dass der Transport von B\u00e4umen und Pflanzen Fachwissen erfordert, und f\u00fchren ihn daher intern durch. Wir liefern in mehr als 13 L\u00e4nder mit den besten Lieferzeiten und Lieferoptionen.<\/div>\n                                        <\/div>\n                                                                        <div class=\"block__colored__item d-f fd-c pad-3 gap-1 br-20\">\n                                            <div class=\"block__colored__title\">\n                                                <h4>Beratung durch Fachleute<\/h4>\n                                            <\/div>\n                                            <div class=\"block__colored__text\">Bei uns steht Ihr Gesch\u00e4ft im Mittelpunkt. Wir bem\u00fchen uns, Ihr Gesch\u00e4ftskonto so benutzerfreundlich wie m\u00f6glich zu gestalten und geben Ihnen wertvolle Tipps und Ratschl\u00e4ge. Wenn Sie etwas nicht finden oder Beratung ben\u00f6tigen, sind wir immer bereit, Ihnen weiterzuhelfen. Au\u00dferdem sorgen wir daf\u00fcr, dass Sie Angebote und Informationen schnell und vollst\u00e4ndig erhalten.  <\/div>\n                                        <\/div>\n                                                                        <div class=\"block__colored__item d-f fd-c pad-3 gap-1 br-20\">\n                                            <div class=\"block__colored__title\">\n                                                <h4>Exklusiv f\u00fcr gr\u00fcne Fachleute<\/h4>\n                                            <\/div>\n                                            <div class=\"block__colored__text\">Die &#8218;t Kempke ist eine exklusive Online-Plattform f\u00fcr Unternehmen. Mit einem pers\u00f6nlichen Login erhalten Sie sofortigen Zugang zu Informationen \u00fcber verf\u00fcgbare Baumarten und -gr\u00f6\u00dfen sowie die entsprechenden Preise f\u00fcr Sie. Das Portal bietet auch die M\u00f6glichkeit, offene Angebote einzusehen, Angebote mit einem Klick in Auftr\u00e4ge umzuwandeln und fr\u00fchere Auftr\u00e4ge einzusehen.<\/div>\n                                        <\/div>\n                                                            <\/div>\n                        <\/div>\n                    <\/div>\n                <\/div>\n            <\/div>\n                    <div class=\"__T43ed12\">\n                <div class=\"d-f flex-col-2 fw-w gap-3\">\n                    <div class=\"w-5 sw-10 d-f fd-c gap-3\">\n                        <div class=\"w-100\">\n                            <div class=\"d-f fd-c gap-2\">\n                                <div class=\"block__title\"><h2 class=\"sec__color\">Dienstleistungen<\/h2>\n<h2><span class=\"grey__underline\">f\u00fcr Unternehmer<\/span><\/h2>\n<\/div>\n                                <div class=\"block__text\">Mit Ihrem pers\u00f6nlichen Dashboard sind Sie immer \u00fcber den aktuellen Stand Ihrer Auftr\u00e4ge informiert. Gibt es noch ein ausstehendes Angebot Ihres Kunden? Sie k\u00f6nnen Zuweisungen einfach speichern.<\/div>\n                                <div class=\"block__button\">\n                                    <a href=\"\/registrieren\" class=\"bm-btn\">Kostenloses Konto beantragen<\/a>\n                                <\/div>\n                            <\/div>\n                        <\/div>\n                    <\/div>\n                    <div class=\"w-5 sw-10\">\n                        <div class=\"block__image\">\n                            <img decoding=\"async\" src=\"https:\/\/kempke.eu\/wp-content\/uploads\/2023\/10\/Scherm\u00adafbeelding-2023-10-24-om-10.24.36.png\" alt=\"\">\n                        <\/div>\n                    <\/div>\n                <\/div>\n            <\/div>\n                    <div class=\"__j34f723\">\n                <div class=\"block__numbers\">\n                    <div class=\"container\">\n                        <div class=\"d-f fd-c gap-3\">\n                            <div class=\"block__title pad-1 ta-c\">\n                                <h3>&#8218;t Kempke in Zahlen<\/h3>\n                            <\/div>\n                            <div class=\"block__number__items d-f gap-1 fw-w flex-col-4\">\n                                                                        <div class=\"block__number__item d-f fd-c ai-c br-10 pad-3\">\n                                            <div class=\"block__number__image\">\n                                                <img decoding=\"async\" src=\"https:\/\/kempke.eu\/wp-content\/uploads\/2023\/09\/bloem2.svg\" alt=\"\">\n                                            <\/div>\n                                            <div class=\"block__number__title\">\n                                                <h3 class=\"ta-c\">500<\/h3>\n                                            <\/div>\n                                            <div class=\"block__number__text ta-c\">Erzeuger und K\u00e4ufer sind w\u00f6chentlich auf kempke.eu aktiv<\/div>\n                                        <\/div>\n                                                                        <div class=\"block__number__item d-f fd-c ai-c br-10 pad-3\">\n                                            <div class=\"block__number__image\">\n                                                <img decoding=\"async\" src=\"https:\/\/kempke.eu\/wp-content\/uploads\/2023\/09\/bloem3.svg\" alt=\"\">\n                                            <\/div>\n                                            <div class=\"block__number__title\">\n                                                <h3 class=\"ta-c\">80.000<\/h3>\n                                            <\/div>\n                                            <div class=\"block__number__text ta-c\">Pflanzen und mehr als 300 Arten<\/div>\n                                        <\/div>\n                                                                        <div class=\"block__number__item d-f fd-c ai-c br-10 pad-3\">\n                                            <div class=\"block__number__image\">\n                                                <img decoding=\"async\" src=\"https:\/\/kempke.eu\/wp-content\/uploads\/2023\/09\/bloem4.svg\" alt=\"\">\n                                            <\/div>\n                                            <div class=\"block__number__title\">\n                                                <h3 class=\"ta-c\">Transport<\/h3>\n                                            <\/div>\n                                            <div class=\"block__number__text ta-c\">W\u00f6chentlich mehrere Sendungen in alle aktiven L\u00e4nder<\/div>\n                                        <\/div>\n                                                                        <div class=\"block__number__item d-f fd-c ai-c br-10 pad-3\">\n                                            <div class=\"block__number__image\">\n                                                <img decoding=\"async\" src=\"https:\/\/kempke.eu\/wp-content\/uploads\/2023\/09\/bloem.svg\" alt=\"\">\n                                            <\/div>\n                                            <div class=\"block__number__title\">\n                                                <h3 class=\"ta-c\">6<\/h3>\n                                            <\/div>\n                                            <div class=\"block__number__text ta-c\">L\u00e4nder mit aktiven Nutzern<\/div>\n                                        <\/div>\n                                                            <\/div>\n                            <div class=\"block__usp d-f gap-3 fd-c-sm\">\n                                <div class=\"w-5 mw-10 d-f fd-c gap-3\">\n                                    <div class=\"block__title\"><h2>Vom <span class=\"green__underline\">gr\u00fcnen Herzen<\/span> in den Niederlanden,<br \/>  Lieferung <span class=\"white__underline\">in ganz<\/span> Europa<\/h2>\n<\/div>\n                                    <div class=\"block__usp__items d-f fd-c gap-1\">\n                                                                                        <div class=\"row__icon\">\n                                                    <div class=\"d-f ai-c-sm jc-c-sm\">\n                                                        <div class=\"text__icon__container_item__child\">\n                                                            <div class=\"img__box\">\n                                                                <img decoding=\"async\" src=\"https:\/\/kempke.eu\/wp-content\/uploads\/2023\/06\/Vector.svg\" alt=\"\">\n                                                            <\/div>\n                                                        <\/div>\n                                                        <div class=\"text__icon__container_item__child\">\n                                                            <h4>Eigener Transport<\/h4>\n                                                            <p>Schnell in der gesamten EU geliefert<\/p>\n                                                        <\/div>\n                                                    <\/div>\n                                                <\/div>\n                                                                                        <div class=\"row__icon\">\n                                                    <div class=\"d-f ai-c-sm jc-c-sm\">\n                                                        <div class=\"text__icon__container_item__child\">\n                                                            <div class=\"img__box\">\n                                                                <img decoding=\"async\" src=\"https:\/\/kempke.eu\/wp-content\/uploads\/2023\/06\/Vector.svg\" alt=\"\">\n                                                            <\/div>\n                                                        <\/div>\n                                                        <div class=\"text__icon__container_item__child\">\n                                                            <h4>Der Spezialist f\u00fcr Allee- und Zierb\u00e4ume<\/h4>\n                                                            <p>7 ha. eigene G\u00e4rtnerei<\/p>\n                                                        <\/div>\n                                                    <\/div>\n                                                <\/div>\n                                                                                        <div class=\"row__icon\">\n                                                    <div class=\"d-f ai-c-sm jc-c-sm\">\n                                                        <div class=\"text__icon__container_item__child\">\n                                                            <div class=\"img__box\">\n                                                                <img decoding=\"async\" src=\"https:\/\/kempke.eu\/wp-content\/uploads\/2023\/06\/Vector.svg\" alt=\"\">\n                                                            <\/div>\n                                                        <\/div>\n                                                        <div class=\"text__icon__container_item__child\">\n                                                            <h4>Langj\u00e4hrige Erfahrung<\/h4>\n                                                            <p>Wissensvermittlung im Handwerk<\/p>\n                                                        <\/div>\n                                                    <\/div>\n                                                <\/div>\n                                                                            <\/div>\n                                    <div class=\"block__button\">\n                                        <a class=\"bm-btn\" href=\"\/Kinderg\u00e4rten\">Besuchen Sie unsere G\u00e4rtnerei<\/a>\n                                    <\/div>\n                                <\/div>\n                                <div class=\"w-5 mw-10 block__image__wrapper\">\n                                    <div class=\"block__image__floating\">\n                                        <div class=\"overlay\"><\/div>\n                                        <img decoding=\"async\" src=\"https:\/\/kempke.eu\/wp-content\/uploads\/2023\/08\/Fill_1-3.svg\" alt=\"\">\n                                    <\/div>\n                                <\/div>\n                            <\/div>\n                        <\/div>\n                    <\/div>\n                <\/div>\n            <\/div>\n        ","protected":false},"excerpt":{"rendered":"","protected":false},"author":12,"featured_media":0,"parent":0,"menu_order":0,"comment_status":"closed","ping_status":"closed","template":"","meta":{"_acf_changed":false,"footnotes":""},"class_list":["post-7669","page","type-page","status-publish","hentry"],"acf":[],"_links":{"self":[{"href":"https:\/\/kempke.eu\/de\/wp-json\/wp\/v2\/pages\/7669","targetHints":{"allow":["GET"]}}],"collection":[{"href":"https:\/\/kempke.eu\/de\/wp-json\/wp\/v2\/pages"}],"about":[{"href":"https:\/\/kempke.eu\/de\/wp-json\/wp\/v2\/types\/page"}],"author":[{"embeddable":true,"href":"https:\/\/kempke.eu\/de\/wp-json\/wp\/v2\/users\/12"}],"replies":[{"embeddable":true,"href":"https:\/\/kempke.eu\/de\/wp-json\/wp\/v2\/comments?post=7669"}],"version-history":[{"count":26,"href":"https:\/\/kempke.eu\/de\/wp-json\/wp\/v2\/pages\/7669\/revisions"}],"predecessor-version":[{"id":25434,"href":"https:\/\/kempke.eu\/de\/wp-json\/wp\/v2\/pages\/7669\/revisions\/25434"}],"wp:attachment":[{"href":"https:\/\/kempke.eu\/de\/wp-json\/wp\/v2\/media?parent=7669"}],"curies":[{"name":"wp","href":"https:\/\/api.w.org\/{rel}","templated":true}]}}