{"id":7703,"date":"2023-06-28T06:36:41","date_gmt":"2023-06-28T04:36:41","guid":{"rendered":"https:\/\/kempke.eu\/grosshandel\/"},"modified":"2025-08-20T13:52:12","modified_gmt":"2025-08-20T13:52:12","slug":"grosshandel","status":"publish","type":"page","link":"https:\/\/kempke.eu\/de\/grosshandel\/","title":{"rendered":"Gro\u00dfhandel"},"content":{"rendered":"\n<h1 class=\"wp-block-heading\">Gro\u00dfhandel<\/h1>\n\n<p>Die Baumschule &#8218;t Kempke ist ein renommierter Gro\u00dfh\u00e4ndler im Gartenbau. Das Unternehmen ist auf Containerb\u00e4ume spezialisiert, bietet aber auch ein breites Sortiment an Ziergr\u00e4sern, Wasserpflanzen, Koniferen und mehr. Dank der fortschrittlichen Technologie ist die Baumschule ein \u00e4u\u00dferst zuverl\u00e4ssiger Lieferant. Die Robotertechnik des Unternehmens sorgt f\u00fcr kurze Lieferzeiten und eine au\u00dfergew\u00f6hnlich hohe Produktqualit\u00e4t.    <\/p>\n\n<p>Neben der Produktion von B\u00e4umen und Pflanzen legt Boomkwekerij &#8218;t Kempke auch Wert darauf, den Verkaufsprozess f\u00fcr seine Kunden zu vereinfachen. Dies geschieht unter anderem durch die Vorbereitung seiner Produkte f\u00fcr den Verkauf. Jedes Produkt wird mit einem Etikett mit entsprechenden Fotos und Produktinformationen versehen. Kunden k\u00f6nnen au\u00dferdem ihr eigenes Logo, ihren Verkaufspreis und\/oder einen Barcode auf das Etikett drucken lassen. Auf diese Weise kann die Pflanze direkt ins Verkaufsregal gelangen, was die Lieferzeit des Produkts drastisch verk\u00fcrzt.   <\/p>\n\n<h2 class=\"wp-block-heading\">Kunden<\/h2>\n\n<p>Die Produkte werden in der eigenen Baumschule der Baumschule &#8218;t Kempke gez\u00fcchtet und anschlie\u00dfend verkaufsfertig an Kunden in ganz Europa versandt. Auf diese Weise hat die Baumschule &#8218;t Kempke bereits zahlreiche Gro\u00dfh\u00e4ndler sowie Gartencenter und Landschaftsg\u00e4rtner mit hochwertigen B\u00e4umen und Pflanzen beliefert.  <\/p>\n\n<p>Kunden k\u00f6nnen bequem einen Katalog anfordern oder online bestellen. Dies erfolgt \u00fcber ein komfortables Online-Bestellsystem, das auch die Verf\u00fcgbarkeit der B\u00e4ume anzeigt. Die B\u00e4ume werden anschlie\u00dfend f\u00fcr den Transport vorbereitet und in Containern versandt, bereit zum Verkauf oder zur sofortigen Verwendung.   <\/p>\n\n<h2 class=\"wp-block-heading\">Veranstaltungen<\/h2>\n\n<p>M\u00f6chten Sie die Pflanzen lieber sehen, bevor Sie eine Bestellung aufgeben? Dann besuchen Sie eine der Hausmessen der Baumschule &#8218;t Kempke. Auf der Hausmesse treffen sich alle Lieferanten der Baumschule, um ihre Produkte zu pr\u00e4sentieren. Diese Veranstaltung bietet Ihnen au\u00dferdem die M\u00f6glichkeit, die B\u00e4ume und Pflanzen vor der Bestellung ausf\u00fchrlich zu besichtigen.    <\/p>\n\n<p>Bei dieser beliebten Veranstaltung wird die gesamte Kollektion der Baumschule &#8218;t Kempke ausgestellt. Von Containerb\u00e4umen bis hin zu Wasserpflanzen ist diese Veranstaltung die perfekte Gelegenheit f\u00fcr jeden Gro\u00dfh\u00e4ndler, Landschaftsg\u00e4rtner oder jedes Gartencenter, sein Sortiment zu erg\u00e4nzen oder zu erweitern. St\u00f6bern Sie w\u00e4hrend der Hausausstellung nach saisonalen Pflanzen oder entdecken Sie die neueste Kollektion hochwertiger Containerb\u00e4ume.  <\/p>\n\n<p>Neben unseren Hausmessen k\u00f6nnen Sie die Baumschule &#8218;t Kempke auch auf zahlreichen regionalen Gartenbaumessen besuchen. Sie finden uns unter anderem auf der PLANTARIUM und der GrootGroenPlus. Besuchen Sie uns gerne auf diesen Messen, um unsere Kollektion pers\u00f6nlich kennenzulernen und unseren aktuellen Katalog mit nach Hause zu nehmen.  <\/p>\n\n<h2 class=\"wp-block-heading\">Pr\u00e4sentationsmaterialien<\/h2>\n\n<p>Um den Verkauf ihrer Kunden zu f\u00f6rdern, bietet die Baumschule &#8218;t Kempke auch Pr\u00e4sentationsmaterialien an. Diese Materialien erm\u00f6glichen es Gesch\u00e4ftskunden, ihr Gesch\u00e4ft effizient zu organisieren und die Produkte der Baumschule optimal zu pr\u00e4sentieren. Die Produkte sind ma\u00dfgeschneidert f\u00fcr die B\u00e4ume und Pflanzen der Baumschule und f\u00fcgen sich nahtlos in die meisten Ladengestaltungen ein.  <\/p>\n\n<p>Studien zeigen, dass die richtige Produktpr\u00e4sentation zu h\u00f6heren Ums\u00e4tzen f\u00fchren kann. Daher ist es ratsam, gleich zu Beginn Pr\u00e4sentationsmaterialien zu kaufen. Eine ordentliche Pr\u00e4sentation sorgt f\u00fcr einen \u00fcbersichtlichen und organisierten Verkaufsbereich und wirkt sich positiv auf das Kundenerlebnis aus.  <\/p>\n","protected":false},"excerpt":{"rendered":"<p>Gro\u00dfhandel Die Baumschule &#8218;t Kempke ist ein renommierter Gro\u00dfh\u00e4ndler im Gartenbau. Das Unternehmen ist auf Containerb\u00e4ume spezialisiert, bietet aber auch ein breites Sortiment an Ziergr\u00e4sern,<a class=\"moretag\" href=\"https:\/\/kempke.eu\/de\/grosshandel\/\">&#8230;<\/a><\/p>\n","protected":false},"author":12,"featured_media":0,"parent":0,"menu_order":0,"comment_status":"closed","ping_status":"closed","template":"page-templates\/text-template.php","meta":{"_acf_changed":false,"footnotes":""},"class_list":["post-7703","page","type-page","status-publish","hentry"],"acf":[],"_links":{"self":[{"href":"https:\/\/kempke.eu\/de\/wp-json\/wp\/v2\/pages\/7703","targetHints":{"allow":["GET"]}}],"collection":[{"href":"https:\/\/kempke.eu\/de\/wp-json\/wp\/v2\/pages"}],"about":[{"href":"https:\/\/kempke.eu\/de\/wp-json\/wp\/v2\/types\/page"}],"author":[{"embeddable":true,"href":"https:\/\/kempke.eu\/de\/wp-json\/wp\/v2\/users\/12"}],"replies":[{"embeddable":true,"href":"https:\/\/kempke.eu\/de\/wp-json\/wp\/v2\/comments?post=7703"}],"version-history":[{"count":3,"href":"https:\/\/kempke.eu\/de\/wp-json\/wp\/v2\/pages\/7703\/revisions"}],"predecessor-version":[{"id":261981,"href":"https:\/\/kempke.eu\/de\/wp-json\/wp\/v2\/pages\/7703\/revisions\/261981"}],"wp:attachment":[{"href":"https:\/\/kempke.eu\/de\/wp-json\/wp\/v2\/media?parent=7703"}],"curies":[{"name":"wp","href":"https:\/\/api.w.org\/{rel}","templated":true}]}}