{"id":7705,"date":"2023-06-28T06:37:04","date_gmt":"2023-06-28T04:37:04","guid":{"rendered":"https:\/\/kempke.eu\/baumschulen\/"},"modified":"2025-12-18T09:00:03","modified_gmt":"2025-12-18T08:00:03","slug":"baumschulen","status":"publish","type":"page","link":"https:\/\/kempke.eu\/de\/baumschulen\/","title":{"rendered":"Baumschulen"},"content":{"rendered":"\n<h1 class=\"wp-block-heading\">Unsere G\u00e4rtnereien<\/h1>\n\n\n\n<p>Die Boomkwekerij &#8218;t Kempke ist auf die Anzucht von Alleeb\u00e4umen in Containern spezialisiert. Diese B\u00e4ume werden in speziellen Containern gepflanzt, wodurch sie ein starkes und kompaktes Wurzelwerk erhalten. Au\u00dferdem k\u00f6nnen die B\u00e4ume in Containern gez\u00fcchtet werden, so dass sie leicht transportiert werden k\u00f6nnen. So versorgt das Unternehmen ganz Europa mit starken und gesunden B\u00e4umen.  <\/p>\n\n\n\n<figure class=\"wp-block-image size-large\"><img decoding=\"async\" width=\"1024\" height=\"576\" src=\"https:\/\/kempke.eu\/wp-content\/uploads\/2025\/09\/Bedrijfsfoto-100-1024x576.jpg\" alt=\"\" class=\"wp-image-274682\" srcset=\"https:\/\/kempke.eu\/wp-content\/uploads\/2025\/09\/Bedrijfsfoto-100-1024x576.jpg 1024w, https:\/\/kempke.eu\/wp-content\/uploads\/2025\/09\/Bedrijfsfoto-100-300x169.jpg 300w, https:\/\/kempke.eu\/wp-content\/uploads\/2025\/09\/Bedrijfsfoto-100-768x432.jpg 768w, https:\/\/kempke.eu\/wp-content\/uploads\/2025\/09\/Bedrijfsfoto-100-1536x864.jpg 1536w, https:\/\/kempke.eu\/wp-content\/uploads\/2025\/09\/Bedrijfsfoto-100-2048x1152.jpg 2048w, https:\/\/kempke.eu\/wp-content\/uploads\/2025\/09\/Bedrijfsfoto-100-600x338.jpg 600w, https:\/\/kempke.eu\/wp-content\/uploads\/2025\/09\/Bedrijfsfoto-100-64x36.jpg 64w\" sizes=\"(max-width: 1024px) 100vw, 1024px\" \/><\/figure>\n\n\n\n<p>Die G\u00e4rtnerei arbeitet eng mit einem Dutzend Freilandanbauern zusammen. Aus diesem Grund bietet das Unternehmen eine breite Palette von B\u00e4umen an. In der Boomkwekerij &#8218;t Kempke finden Sie zum Beispiel 150 Baumarten in verschiedenen H\u00f6hen und in unterschiedlichen Sorten. Suchen Sie also einen gro\u00dfen oder kleinen Baum, einen dicken oder d\u00fcnnen Stamm, kugelf\u00f6rmig oder flach, dachf\u00f6rmig oder spalierf\u00f6rmig? Die Boomkwekerij &#8218;t Kempke z\u00fcchtet und liefert immer den Baum, den Sie w\u00fcnschen.<\/p>\n\n\n\n<p><\/p>\n\n\n\n<h2 class=\"wp-block-heading\">Blumenerde<\/h2>\n\n\n\n<p>Die Boomkwekerij &#8218;t Kempke ist eine der fortschrittlichsten G\u00e4rtnereien in Europa. In der Tat wird der verf\u00fcgbare Platz in dieser Baumschule durch die sorgf\u00e4ltige Anordnung der B\u00e4ume in den so genannten Topffeldern optimal genutzt. Auf diesen Feldern werden die B\u00e4ume sowohl angebaut als auch gelagert, bevor sie zu den Kunden transportiert werden.<\/p>\n\n\n\n<p>Die Pflanzfl\u00e4chen der Baumschule &#8218;t Kempke sind mit den neuesten Innovationen im Gartenbau ausgestattet. So wurde beispielsweise ein automatisches Bew\u00e4sserungssystem installiert, das das von den umliegenden Silos gesammelte Regenwasser optimal nutzt. Damit erweitert das Unternehmen sein Portfolio um ein St\u00fcck nachhaltiger Gesch\u00e4ftspraktiken. Der Boden wird au\u00dferdem mit unkrautresistenten T\u00fcchern abgedeckt, um das Eindringen von Unkraut in die T\u00f6pfe zu verhindern. Dies erm\u00f6glicht es dem Unternehmen, nachhaltig gewachsene und sehr gesunde B\u00e4ume aus der eigenen Baumschule zu liefern.<\/p>\n\n\n\n<figure class=\"wp-block-image size-large\"><img decoding=\"async\" width=\"1024\" height=\"576\" src=\"https:\/\/kempke.eu\/wp-content\/uploads\/2025\/09\/Bedrijfsfoto-1-1024x576.jpg\" alt=\"\" class=\"wp-image-274685\" srcset=\"https:\/\/kempke.eu\/wp-content\/uploads\/2025\/09\/Bedrijfsfoto-1-1024x576.jpg 1024w, https:\/\/kempke.eu\/wp-content\/uploads\/2025\/09\/Bedrijfsfoto-1-300x169.jpg 300w, https:\/\/kempke.eu\/wp-content\/uploads\/2025\/09\/Bedrijfsfoto-1-768x432.jpg 768w, https:\/\/kempke.eu\/wp-content\/uploads\/2025\/09\/Bedrijfsfoto-1-1536x864.jpg 1536w, https:\/\/kempke.eu\/wp-content\/uploads\/2025\/09\/Bedrijfsfoto-1-2048x1152.jpg 2048w, https:\/\/kempke.eu\/wp-content\/uploads\/2025\/09\/Bedrijfsfoto-1-600x338.jpg 600w, https:\/\/kempke.eu\/wp-content\/uploads\/2025\/09\/Bedrijfsfoto-1-64x36.jpg 64w\" sizes=\"(max-width: 1024px) 100vw, 1024px\" \/><\/figure>\n\n\n\n<p><\/p>\n\n\n\n<h2 class=\"wp-block-heading\">Vergussmaschine<\/h2>\n\n\n\n<p>Eine weitere Technik, die unbedingt erw\u00e4hnt werden sollte, ist die hochinnovative Topfmaschine, die von der Boomkwekerij &#8218;t Kempke eingesetzt wird. Der Roboter kann bis zu 6.000 B\u00e4ume pro Woche eintopfen und \u00fcbernimmt damit einen Gro\u00dfteil der schweren Arbeit, die G\u00e4rtner regelm\u00e4\u00dfig verrichten m\u00fcssen.<\/p>\n\n\n\n<p>Die Topfmaschine der Boomkwekerij &#8218;t Kempke reduziert die Arbeitsintensit\u00e4t drastisch und erm\u00f6glicht es der Baumschule, Tag und Nacht zu arbeiten. Durch die Nutzung dieser neuen gartenbaulichen Innovation sichert sich das Unternehmen eine gute Zukunft und kann weiter wachsen.  <\/p>\n\n\n\n<p><\/p>\n\n\n\n<h2 class=\"wp-block-heading\">Pflege<\/h2>\n\n\n\n<p>Die Boomkwekerij &#8218;t Kempke setzt sich sehr f\u00fcr die Lieferung hochwertiger, gesunder B\u00e4ume ein. Deshalb wendet das Unternehmen ein einzigartiges Pflegesystem an, das es den B\u00e4umen erm\u00f6glicht, kr\u00e4ftig und krankheitsfrei aufzuwachsen. Die G\u00e4rtnerei verwendet zum Beispiel eine Blumenerdenmischung, die Osmocote plus enth\u00e4lt. Dieser D\u00fcnger versorgt den Baum in den ersten 9-12 Monaten nach dem Eintopfen dosiert mit den gew\u00fcnschten N\u00e4hrstoffen und sorgt daf\u00fcr, dass das Produkt auch in Ihrem Gartencenter oder Gro\u00dfhandel optisch ansprechend bleibt.<br><br>Neben der richtigen Ern\u00e4hrung ist auch der Platz f\u00fcr die Pflege wichtig. In den Containerfeldern haben die B\u00e4ume Platz zum Wachsen. Au\u00dferdem werden die B\u00e4ume dank des computergesteuerten Bew\u00e4sserungssystems dann bew\u00e4ssert, wenn sie es brauchen. Durch sorgf\u00e4ltige Pflege gelingt es der Boomkwekerij &#8218;t Kempke, ihre Gesch\u00e4ftskunden immer wieder mit den besten B\u00e4umen zu einem vern\u00fcnftigen Preis zu erfreuen.  <\/p>\n\n\n\n<figure class=\"wp-block-image size-large\"><img decoding=\"async\" width=\"1024\" height=\"576\" src=\"https:\/\/kempke.eu\/wp-content\/uploads\/2025\/09\/Bedrijfsfoto-131-1024x576.jpg\" alt=\"\" class=\"wp-image-274688\" srcset=\"https:\/\/kempke.eu\/wp-content\/uploads\/2025\/09\/Bedrijfsfoto-131-1024x576.jpg 1024w, https:\/\/kempke.eu\/wp-content\/uploads\/2025\/09\/Bedrijfsfoto-131-300x169.jpg 300w, https:\/\/kempke.eu\/wp-content\/uploads\/2025\/09\/Bedrijfsfoto-131-768x432.jpg 768w, https:\/\/kempke.eu\/wp-content\/uploads\/2025\/09\/Bedrijfsfoto-131-1536x864.jpg 1536w, https:\/\/kempke.eu\/wp-content\/uploads\/2025\/09\/Bedrijfsfoto-131-2048x1152.jpg 2048w, https:\/\/kempke.eu\/wp-content\/uploads\/2025\/09\/Bedrijfsfoto-131-600x338.jpg 600w, https:\/\/kempke.eu\/wp-content\/uploads\/2025\/09\/Bedrijfsfoto-131-64x36.jpg 64w\" sizes=\"(max-width: 1024px) 100vw, 1024px\" \/><\/figure>\n\n\n\n<h2 class=\"wp-block-heading\">Bereit zum Verkauf<\/h2>\n\n\n\n<p>Optisch ansprechende B\u00e4ume sind nat\u00fcrlich wichtig f\u00fcr die Gartencenter, Gro\u00dfh\u00e4ndler und G\u00e4rtner, die die Produkte des Unternehmens beziehen. Doch das Unternehmen bietet mehr als nur hochwertige Produkte. So wurden die B\u00e4ume aus der Baumschule f\u00fcr den Verkauf vorbereitet. Das bedeutet, dass die B\u00e4ume etikettiert, mit einem Strichcode versehen, mit Pflanzeninformationen versehen und gepflegt werden.  <\/p>\n\n\n\n<figure class=\"wp-block-image size-large\"><img decoding=\"async\" width=\"576\" height=\"1024\" src=\"https:\/\/kempke.eu\/wp-content\/uploads\/2025\/09\/Bedrijfsfoto-132-576x1024.jpg\" alt=\"\" class=\"wp-image-274691\" srcset=\"https:\/\/kempke.eu\/wp-content\/uploads\/2025\/09\/Bedrijfsfoto-132-576x1024.jpg 576w, https:\/\/kempke.eu\/wp-content\/uploads\/2025\/09\/Bedrijfsfoto-132-169x300.jpg 169w, https:\/\/kempke.eu\/wp-content\/uploads\/2025\/09\/Bedrijfsfoto-132-768x1365.jpg 768w, https:\/\/kempke.eu\/wp-content\/uploads\/2025\/09\/Bedrijfsfoto-132-864x1536.jpg 864w, https:\/\/kempke.eu\/wp-content\/uploads\/2025\/09\/Bedrijfsfoto-132-1152x2048.jpg 1152w, https:\/\/kempke.eu\/wp-content\/uploads\/2025\/09\/Bedrijfsfoto-132-600x1066.jpg 600w, https:\/\/kempke.eu\/wp-content\/uploads\/2025\/09\/Bedrijfsfoto-132-64x114.jpg 64w, https:\/\/kempke.eu\/wp-content\/uploads\/2025\/09\/Bedrijfsfoto-132-scaled.jpg 1440w\" sizes=\"(max-width: 576px) 100vw, 576px\" \/><\/figure>\n\n\n\n<p>Au\u00dferdem ist es m\u00f6glich, Ihr eigenes Logo, den Verkaufspreis und den Barcode auf die Etiketten zu drucken. Sie stellen die B\u00e4ume also sofort nach dem Transport in Ihr Gesch\u00e4ft oder direkt in den Garten des Kunden. Neugierig, was die Boomkwekerij &#8218;t Kempke zu bieten hat? Dann st\u00f6bern Sie im Sortiment und bestellen Sie Ihre Wunschprodukte ganz einfach online.  <\/p>\n","protected":false},"excerpt":{"rendered":"<p>Unsere G\u00e4rtnereien Die Boomkwekerij &#8218;t Kempke ist auf die Anzucht von Alleeb\u00e4umen in Containern spezialisiert. Diese B\u00e4ume werden in speziellen Containern gepflanzt, wodurch sie ein<a class=\"moretag\" href=\"https:\/\/kempke.eu\/de\/baumschulen\/\">&#8230;<\/a><\/p>\n","protected":false},"author":12,"featured_media":0,"parent":0,"menu_order":0,"comment_status":"closed","ping_status":"closed","template":"page-templates\/text-template.php","meta":{"_acf_changed":false,"footnotes":""},"class_list":["post-7705","page","type-page","status-publish","hentry"],"acf":[],"_links":{"self":[{"href":"https:\/\/kempke.eu\/de\/wp-json\/wp\/v2\/pages\/7705","targetHints":{"allow":["GET"]}}],"collection":[{"href":"https:\/\/kempke.eu\/de\/wp-json\/wp\/v2\/pages"}],"about":[{"href":"https:\/\/kempke.eu\/de\/wp-json\/wp\/v2\/types\/page"}],"author":[{"embeddable":true,"href":"https:\/\/kempke.eu\/de\/wp-json\/wp\/v2\/users\/12"}],"replies":[{"embeddable":true,"href":"https:\/\/kempke.eu\/de\/wp-json\/wp\/v2\/comments?post=7705"}],"version-history":[{"count":6,"href":"https:\/\/kempke.eu\/de\/wp-json\/wp\/v2\/pages\/7705\/revisions"}],"predecessor-version":[{"id":278428,"href":"https:\/\/kempke.eu\/de\/wp-json\/wp\/v2\/pages\/7705\/revisions\/278428"}],"wp:attachment":[{"href":"https:\/\/kempke.eu\/de\/wp-json\/wp\/v2\/media?parent=7705"}],"curies":[{"name":"wp","href":"https:\/\/api.w.org\/{rel}","templated":true}]}}