{"id":7746,"date":"2023-06-28T06:56:42","date_gmt":"2023-06-28T06:56:42","guid":{"rendered":"https:\/\/kempke.eu\/erklaerung-zum-datenschutz\/"},"modified":"2023-11-23T08:52:46","modified_gmt":"2023-11-23T08:52:46","slug":"erklaerung-zum-datenschutz","status":"publish","type":"page","link":"https:\/\/kempke.eu\/de\/erklaerung-zum-datenschutz\/","title":{"rendered":"Erkl\u00e4rung zum Datenschutz"},"content":{"rendered":"\n<h1 class=\"wp-block-heading\">Privacyverklaring<\/h1>\n\n<p>Laatst bijgewerkt op 06-10-2023<\/p>\n\n<p>Boomkwekerij &#8218;t Kempke, gevestigd aan Markstraat 8, 4041 EB Kesteren, Nederland, is verantwoordelijk voor de verwerking van persoonsgegevens zoals weergegeven in deze privacyverklaring.<\/p>\n\n<p><strong>Contactgegevens:<\/strong><\/p>\n\n<p>Bedrijfsnaam: Boomkwekerij &#8218;t Kempke<\/p>\n\n<p>Adres: Markstraat 8, 4041 EB Kesteren, Nederland<\/p>\n\n<p>Telefoon: +31 (0)488 441 567<\/p>\n\n<p>E-mailadres: info@kempke.eu<\/p>\n\n<p>Website: https:\/\/www.kempke.eu\/<\/p>\n\n<p><strong>Von uns verarbeitete personenbezogene Daten<\/strong><\/p>\n\n<p>Die Baumschule &#8218;t Kempke verarbeitet Ihre personenbezogenen Daten, weil Sie unsere Dienste nutzen und\/oder weil Sie uns diese Daten selbst zur Verf\u00fcgung stellen. Nachstehend finden Sie einen \u00dcberblick \u00fcber die von uns verarbeiteten personenbezogenen Daten:<\/p>\n\n<ul class=\"wp-block-list\">\n<li>Vorname und Nachname<\/li>\n\n\n\n<li>Angaben zur Adresse<\/li>\n\n\n\n<li>Rufnummer<\/li>\n\n\n\n<li>E-Mail Adresse<\/li>\n<\/ul>\n\n<p>Andere personenbezogene Daten, die Sie uns aktiv zur Verf\u00fcgung stellen, z. B. bei der Erstellung eines Kontos auf unserer Website, in der Korrespondenz und per Telefon<\/p>\n\n<p><strong>Zweck und Grundlage der Verarbeitung<\/strong><\/p>\n\n<p>Die Baumschule &#8218;t Kempke verarbeitet Ihre personenbezogenen Daten f\u00fcr die folgenden Zwecke:<\/p>\n\n<ol class=\"wp-block-list\">\n<li>Bearbeitung Ihrer Bestellung und Zahlung.<\/li>\n\n\n\n<li>Zusendung unseres Newsletters und\/oder unserer Werbebrosch\u00fcre, wenn Sie sich daf\u00fcr angemeldet haben.<\/li>\n\n\n\n<li>Sie anzurufen oder per E-Mail zu kontaktieren, wenn dies f\u00fcr die Erbringung unserer Dienstleistungen erforderlich ist.<\/li>\n\n\n\n<li>Erm\u00f6glicht Ihnen die Erstellung eines Kontos.<\/li>\n\n\n\n<li>Zur Lieferung von Waren und Dienstleistungen an Sie.<\/li>\n\n\n\n<li>Die Baumschule &#8218;t Kempke verarbeitet auch personenbezogene Daten, wenn wir gesetzlich dazu verpflichtet sind, wie z.B. Daten, die wir f\u00fcr unsere Steuererkl\u00e4rung ben\u00f6tigen.<\/li>\n<\/ol>\n\n<p><strong>Wie lange wir personenbezogene Daten aufbewahren<\/strong><strong><br\/><\/strong>Die Baumschule &#8218;t Kempke bewahrt Ihre personenbezogenen Daten nicht l\u00e4nger auf, als es f\u00fcr die Erf\u00fcllung der Zwecke, f\u00fcr die Ihre Daten erhoben wurden, unbedingt erforderlich ist. Wir verwenden die folgenden Aufbewahrungsfristen f\u00fcr die folgenden Kategorien personenbezogener Daten:<\/p>\n\n<ul class=\"wp-block-list\">\n<li>Kundendaten (Name, Adresse, Telefonnummer, E-Mail): werden so lange aufbewahrt, wie Sie Kunde sind, und bis zu 2 Jahre nach Ihrem letzten Einkauf, es sei denn, gesetzliche Verpflichtungen erfordern eine l\u00e4ngere Aufbewahrungsfrist.<\/li>\n\n\n\n<li>Finanzdaten (Zahlungen, Rechnungen): werden in \u00dcbereinstimmung mit gesetzlichen Verpflichtungen aufbewahrt, wie z. B. steuerliche Aufbewahrungspflichten.<\/li>\n\n\n\n<li>Newsletter-Abonnement: wird aufbewahrt, bis Sie sich abmelden.<\/li>\n<\/ul>\n\n<p><strong>Weitergabe personenbezogener Daten an Dritte<\/strong><\/p>\n\n<p>Die Baumschule &#8218;t Kempke gibt Ihre personenbezogenen Daten nur dann an Dritte weiter, wenn dies f\u00fcr die Erf\u00fcllung des Vertrags mit Ihnen oder zur Erf\u00fcllung einer gesetzlichen Verpflichtung erforderlich ist.<\/p>\n\n<p><strong>Cookies oder \u00e4hnliche Techniken, die wir verwenden<\/strong><\/p>\n\n<p>Die Baumschule &#8218;t Kempke verwendet funktionale, analytische und Tracking-Cookies. Ein Cookie ist eine kleine Textdatei, die im Browser Ihres Computers, Tablets oder Smartphones gespeichert wird, wenn Sie unsere Website zum ersten Mal besuchen. Die Baumschule &#8218;t Kempke verwendet Cookies mit rein technischer Funktionalit\u00e4t. Diese sorgen daf\u00fcr, dass die Website ordnungsgem\u00e4\u00df funktioniert und z. B. Ihre Einstellungen gespeichert werden. Diese Cookies werden auch verwendet, um das Funktionieren der Website zu gew\u00e4hrleisten und sie zu optimieren.  <\/p>\n\n<p>Wir setzen auch Cookies, die Ihr Surfverhalten verfolgen, damit wir Ihnen ma\u00dfgeschneiderte Inhalte anbieten k\u00f6nnen. Bei Ihrem ersten Besuch auf unserer Website haben wir Sie bereits \u00fcber diese Cookies informiert und um Ihr Einverst\u00e4ndnis gebeten, sie zu setzen. Sie k\u00f6nnen die Verwendung von Cookies ablehnen, indem Sie Ihren Internet-Browser so einstellen, dass keine Cookies mehr gespeichert werden. Dar\u00fcber hinaus k\u00f6nnen Sie \u00fcber Ihre Browser-Einstellungen alle zuvor gespeicherten Informationen l\u00f6schen.<\/p>\n\n<p><strong>Daten ansehen, \u00e4ndern oder l\u00f6schen<\/strong><\/p>\n\n<p>Sie haben das Recht auf Zugang, Berichtigung oder L\u00f6schung Ihrer personenbezogenen Daten. Sie haben auch das Recht, Ihre eventuelle Zustimmung zur Datenverarbeitung zu widerrufen oder der Verarbeitung Ihrer personenbezogenen Daten durch die Baumschule &#8218;t Kempke zu widersprechen, sowie das Recht auf Daten\u00fcbertragbarkeit. Das bedeutet, dass Sie uns auffordern k\u00f6nnen, die personenbezogenen Daten, die wir \u00fcber Sie in einer Computerdatei gespeichert haben, an Sie oder eine andere von Ihnen benannte Organisation zu \u00fcbermitteln.<\/p>\n\n<p>Sie k\u00f6nnen einen Antrag auf Zugang, Berichtigung, L\u00f6schung oder \u00dcbertragung Ihrer personenbezogenen Daten oder auf Widerruf Ihrer Einwilligung oder Widerspruch gegen die Verarbeitung Ihrer personenbezogenen Daten an info@kempke.eu richten.<\/p>\n\n<p>Die Boomkwekerij &#8218;t Kempke m\u00f6chte Sie auch dar\u00fcber informieren, dass Sie die M\u00f6glichkeit haben, eine Beschwerde bei der nationalen Aufsichtsbeh\u00f6rde, der Beh\u00f6rde f\u00fcr personenbezogene Daten, einzureichen. Sie k\u00f6nnen dies \u00fcber den folgenden Link tun:<a href=\"https:\/\/www.autoriteitpersoonsgegevens.nl\/een-tip-of-klacht-indienen-bij-de-ap\" target=\"_blank\" rel=\"noopener\">https:\/\/www.autoriteitpersoonsgegevens.nl\/een-tip-of-klacht-indienen-bij-de-ap.<\/a><\/p>\n\n<p><strong>Wie wir personenbezogene Daten sch\u00fctzen<\/strong><\/p>\n\n<p>Die Boomkwekerij &#8218;t Kempke nimmt den Schutz Ihrer Daten ernst und ergreift geeignete Ma\u00dfnahmen, um Missbrauch, Verlust, unbefugtem Zugriff, unerw\u00fcnschter Offenlegung und unbefugter \u00c4nderung entgegenzuwirken. Wenn Sie den Eindruck haben, dass Ihre Daten nicht ordnungsgem\u00e4\u00df gesichert sind oder es Hinweise auf einen Missbrauch gibt, wenden Sie sich bitte an unseren Kundendienst oder an info@kempke.eu.<\/p>\n\n<p><strong>\u00c4nderungen an dieser Datenschutzerkl\u00e4rung<\/strong><\/p>\n\n<p>Baumschule &#8218;t Kempke beh\u00e4lt sich das Recht vor, diese Datenschutzerkl\u00e4rung zu \u00e4ndern. Wir empfehlen Ihnen, diese Erkl\u00e4rung regelm\u00e4\u00dfig zu lesen, um sich dar\u00fcber zu informieren, wie wir Ihre Daten sch\u00fctzen und verarbeiten.<\/p>\n\n<p>[Version: 1.0]<\/p>\n\n<p>Laatst bijgewerkt op 06-10-2023<\/p>\n\n<p>Wenn Sie Fragen oder Anmerkungen zu dieser Datenschutzerkl\u00e4rung haben, kontaktieren Sie uns bitte unter info@kempke.eu.<\/p>\n","protected":false},"excerpt":{"rendered":"<p>Privacyverklaring Laatst bijgewerkt op 06-10-2023 Boomkwekerij &#8218;t Kempke, gevestigd aan Markstraat 8, 4041 EB Kesteren, Nederland, is verantwoordelijk voor de verwerking van persoonsgegevens zoals weergegeven<a class=\"moretag\" href=\"https:\/\/kempke.eu\/de\/erklaerung-zum-datenschutz\/\">&#8230;<\/a><\/p>\n","protected":false},"author":12,"featured_media":0,"parent":0,"menu_order":0,"comment_status":"closed","ping_status":"closed","template":"page-templates\/text-template.php","meta":{"_acf_changed":false,"footnotes":""},"class_list":["post-7746","page","type-page","status-publish","hentry"],"acf":[],"_links":{"self":[{"href":"https:\/\/kempke.eu\/de\/wp-json\/wp\/v2\/pages\/7746","targetHints":{"allow":["GET"]}}],"collection":[{"href":"https:\/\/kempke.eu\/de\/wp-json\/wp\/v2\/pages"}],"about":[{"href":"https:\/\/kempke.eu\/de\/wp-json\/wp\/v2\/types\/page"}],"author":[{"embeddable":true,"href":"https:\/\/kempke.eu\/de\/wp-json\/wp\/v2\/users\/12"}],"replies":[{"embeddable":true,"href":"https:\/\/kempke.eu\/de\/wp-json\/wp\/v2\/comments?post=7746"}],"version-history":[{"count":8,"href":"https:\/\/kempke.eu\/de\/wp-json\/wp\/v2\/pages\/7746\/revisions"}],"predecessor-version":[{"id":25518,"href":"https:\/\/kempke.eu\/de\/wp-json\/wp\/v2\/pages\/7746\/revisions\/25518"}],"wp:attachment":[{"href":"https:\/\/kempke.eu\/de\/wp-json\/wp\/v2\/media?parent=7746"}],"curies":[{"name":"wp","href":"https:\/\/api.w.org\/{rel}","templated":true}]}}